{"id":2,"date":"2023-06-13T15:17:58","date_gmt":"2023-06-13T13:17:58","guid":{"rendered":"http:\/\/lamachinedanslejardin.eu\/?page_id=2"},"modified":"2026-04-27T21:19:10","modified_gmt":"2026-04-27T19:19:10","slug":"infos-pratiques","status":"publish","type":"page","link":"https:\/\/lamachinedanslejardin.eu\/?page_id=2","title":{"rendered":"Infos pratiques"},"content":{"rendered":"\n<div class=\"wp-block-group\"><div class=\"wp-block-group__inner-container is-layout-constrained wp-block-group-is-layout-constrained\">\n<figure class=\"wp-block-image\"><img decoding=\"async\" src=\"http:\/\/lamachinedanslejardin.eu\/wp-content\/uploads\/2025\/01\/photo-festival-la-machine-dans-le-jardin-2024-1024x768.jpg\" alt=\"\"\/><figcaption class=\"wp-element-caption\">L&#8217;\u00e9dition 2024<\/figcaption><\/figure>\n\n\n\n<div class=\"wp-block-group alignfull\"><div class=\"wp-block-group__inner-container is-layout-flow wp-block-group-is-layout-flow\">\n<h2 class=\"wp-block-heading has-text-align-center\">Contactez-nous<\/h2>\n\n\n\n<div class=\"wpcf7 no-js\" id=\"wpcf7-f861-o1\" lang=\"fr-FR\" dir=\"ltr\" data-wpcf7-id=\"861\">\n<div class=\"screen-reader-response\"><p role=\"status\" aria-live=\"polite\" aria-atomic=\"true\"><\/p> <ul><\/ul><\/div>\n<form action=\"\/index.php?rest_route=%2Fwp%2Fv2%2Fpages%2F2#wpcf7-f861-o1\" method=\"post\" class=\"wpcf7-form init\" aria-label=\"Formulaire de contact\" novalidate=\"novalidate\" data-status=\"init\">\n<fieldset class=\"hidden-fields-container\"><input type=\"hidden\" name=\"_wpcf7\" value=\"861\" \/><input type=\"hidden\" name=\"_wpcf7_version\" value=\"6.1.5\" \/><input type=\"hidden\" name=\"_wpcf7_locale\" value=\"fr_FR\" \/><input type=\"hidden\" name=\"_wpcf7_unit_tag\" value=\"wpcf7-f861-o1\" \/><input type=\"hidden\" name=\"_wpcf7_container_post\" value=\"0\" \/><input type=\"hidden\" name=\"_wpcf7_posted_data_hash\" value=\"\" \/>\n<\/fieldset>\n<p><label> Votre nom<br \/>\n<span class=\"wpcf7-form-control-wrap\" data-name=\"your-name\"><input size=\"40\" maxlength=\"400\" class=\"wpcf7-form-control wpcf7-text wpcf7-validates-as-required\" autocomplete=\"name\" aria-required=\"true\" aria-invalid=\"false\" value=\"\" type=\"text\" name=\"your-name\" \/><\/span> <\/label>\n<\/p>\n<p><label> Votre e-mail<br \/>\n<span class=\"wpcf7-form-control-wrap\" data-name=\"your-email\"><input size=\"40\" maxlength=\"400\" class=\"wpcf7-form-control wpcf7-email wpcf7-validates-as-required wpcf7-text wpcf7-validates-as-email\" autocomplete=\"email\" aria-required=\"true\" aria-invalid=\"false\" value=\"\" type=\"email\" name=\"your-email\" \/><\/span> <\/label>\n<\/p>\n<p><label> Objet<br \/>\n<span class=\"wpcf7-form-control-wrap\" data-name=\"your-subject\"><input size=\"40\" maxlength=\"400\" class=\"wpcf7-form-control wpcf7-text wpcf7-validates-as-required\" aria-required=\"true\" aria-invalid=\"false\" value=\"\" type=\"text\" name=\"your-subject\" \/><\/span> <\/label>\n<\/p>\n<p><label> Votre message (facultatif)<br \/>\n<span class=\"wpcf7-form-control-wrap\" data-name=\"your-message\"><textarea cols=\"40\" rows=\"10\" maxlength=\"2000\" class=\"wpcf7-form-control wpcf7-textarea\" aria-invalid=\"false\" name=\"your-message\"><\/textarea><\/span> <\/label>\n<\/p>\n<p><input class=\"wpcf7-form-control wpcf7-submit has-spinner\" type=\"submit\" value=\"Envoyer\" \/>\n<\/p><div class=\"wpcf7-response-output\" aria-hidden=\"true\"><\/div>\n<\/form>\n<\/div>\n\n<\/div><\/div>\n\n\n\n<hr class=\"wp-block-separator has-alpha-channel-opacity tw-mb-1 tw-mt-1 is-style-default\"\/>\n\n\n\n<h2 class=\"wp-block-heading has-text-align-center\">Informations pratiques (2025)<\/h2>\n\n\n\n<h4 class=\"wp-block-heading\">Buvette et repas<\/h4>\n\n\n\n<ul class=\"wp-block-list\">\n<li>Vendredi 25 (soir) : Restauration bio et, autant que possible locale, 8 \u20ac l\u2019assiette de salades et buffet de tartes et cakes.<\/li>\n\n\n\n<li>Samedi 26 (midi et soir) : Restauration bio et, autant que possible locale, cr\u00e8pes le midi et Risotto le soir.<\/li>\n\n\n\n<li>Dimanche 27 (midi et soir) : Restauration bio assur\u00e9e par le food-truck La carotte d\u00e9sinvolte (cuisine d\u2019ici et d\u2019ailleurs).<\/li>\n<\/ul>\n\n\n\n<p>Vous pouvez aussi faire vos courses \u00e0 l\u2019excellente \u00e9picerie Bio du village (Folavoine), attention, celle-ci sera ferm\u00e9e le dimanche et de 12h \u00e0 16h le samedi. Il y a aussi l&#8217;Unic&#8217;kf\u00e9, restaurant \u00e0 Mellionnec.<br><\/p>\n\n\n\n<p>Une buvette sera accessible de 10h30 \u00e0 21h00 samedi et dimanche, \u00e0 partir de 18h00 le vendredi 25.<\/p>\n\n\n\n<p>les ch\u00e8ques et esp\u00e8ces sont accept\u00e9\u00b7es, nous travaillons \u00e0 obtenir un moyen de recevoir des paiements en CB.<\/p>\n\n\n\n<p>\u26a0\ufe0f Il n\u2019y a pas de distributeurs de billets \u00e0 Mellionnec, les plus proches sont \u00e0 Rostrenen, Gouarec, Gu\u00e9men\u00e9-sur-Scorff.<br>Pensez \u00e0 prendre votre monnaie !<\/p>\n\n\n\n<h4 class=\"wp-block-heading\">Accessibilit\u00e9<\/h4>\n\n\n\n<p>La salle polyvalente et l&#8217;auberge sont accessibles aux personnes \u00e0 mobilit\u00e9 r\u00e9duite. Toutefois, si le temps le permet, les tables rondes auront lieu \u00e0 l&#8217;ext\u00e9rieur (au verger derri\u00e8re la salle polyvalente). Notre site en plein air peut pr\u00e9senter quelques difficult\u00e9s d\u2019acc\u00e8s. Mais nous travaillons \u00e0 vous accueillir au mieux ! N\u2019h\u00e9sitez pas \u00e0 prendre contact en amont pour plus de pr\u00e9cisions. WC adapt\u00e9s.<\/p>\n\n\n\n<p><em>Auberge \u00c0 la belle \u00e9toile<\/em> &#8211; 5 route des \u00e9coles, 22110 Mellionnec<\/p>\n\n\n\n<p><em>Salle polyvalente<\/em> de Mellionnec &#8211; 24 Route des \u00c9coles, 22110 Mellionnec<\/p>\n\n\n\n<h4 class=\"wp-block-heading\">Billetterie<\/h4>\n\n\n\n<ul class=\"wp-block-list\">\n<li>Atelier jeunesse &#8211; 15 \u20ac<\/li>\n\n\n\n<li>Atelier adulte &#8211; 10 \u20ac<\/li>\n\n\n\n<li>Projections documentaire du samedi soir : prix libre au profit de l\u2019association Ty Films, partenaire du festival, qui organise la s\u00e9ance.<\/li>\n<\/ul>\n\n\n\n<p><br><strong>Toutes les autres propositions du festival sont gratuites.<\/strong><br>Cependant il est n\u00e9cessaire de r\u00e9server des places (\u00e0 l\u2019accueil\/billetterie) pour les projections uniquement, la salle ayant une jauge limit\u00e9e. <br>Vous pourrez r\u00e9server ces places d\u00e8s l\u2019ouverture de la billetterie (18h le vendredi 25 et 9h30 le samedi 26).<br>Notez s&#8217;il vous plait que la projection fiction surprise du vendredi soir n\u2019est pas adapt\u00e9e pour le jeune public.<\/p>\n\n\n\n<p><br>Aussi, l\u2019adh\u00e9sion \u00e0 l\u2019association Prospect Station qui organise le festival, en plus d\u2019\u00eatre un soutien, est <strong>obligatoire pour s\u2019inscrire \u00e0 l\u2019atelier adultes&nbsp;ainsi qu\u2019\u00e0 la projection du samedi soir<\/strong>.<\/p>\n\n\n\n<p><strong>Pour adh\u00e9rer \u00e0 l&#8217;association Prospect Station :<\/strong><\/p>\n\n\n\n<p><a href=\"https:\/\/www.helloasso.com\/associations\/prospect-station\/adhesions\/association-prospect-station-2025\">&nbsp;Adh\u00e9sions \u00e0 Prospect Station 2025<\/a><\/p>\n\n\n\n<p>&nbsp;<\/p>\n\n\n\n<h2 class=\"wp-block-heading\">Lieux<\/h2>\n\n\n\n<p>Le festival a lieu enti\u00e8rement sur la commune de Mellionnec. Toutes les projections se d\u00e9rouleront dans la salle de l\u2019auberge <em>\u00c0 la belle \u00e9toile<\/em> qui se situe au centre du bourg. Le reste de la programmation se d\u00e9roule \u00e0 la salle polyvalente de Mellionnec, \u00e0 l\u2019ext\u00e9rieur dans le joli verger si le temps le permet et\/ ou sous un beau chapiteau.<br><\/p>\n\n\n\n<h2 class=\"wp-block-heading\">Venir \u00e0 Mellionnec<\/h2>\n\n\n\n<figure class=\"wp-block-image\"><img decoding=\"async\" src=\"https:\/\/lamachinedanslejardin.eu\/wp-content\/uploads\/2023\/06\/venir_a_mellionnec-2-2.jpg@-1024x723.webp\" alt=\"\"\/><\/figure>\n\n\n\n<h4 class=\"wp-block-heading\">En transports en commun<\/h4>\n\n\n\n<p>En train : jusqu\u2019\u00e0 Saint Brieuc ou Guingamp, puis en bus jusqu\u2019\u00e0 Rostrenen&nbsp;:<br>Le site&nbsp;<a href=\"https:\/\/www.breizhgo.bzh\/\">BreizhGo<\/a><\/p>\n\n\n\n<p>Rostrenen est la ville la plus proche de Mellionnec, \u00e0 10 minutes en voiture.<\/p>\n\n\n\n<h4 class=\"wp-block-heading\">En autostop<\/h4>\n\n\n\n<p>Le stop fonctionne tr\u00e8s bien en Centre-Bretagne. N\u2019h\u00e9sitez pas \u00e0 tendre le pouce&nbsp;!<\/p>\n\n\n\n<h4 class=\"wp-block-heading\">En covoiturage<\/h4>\n\n\n\n<p>Un lien a \u00e9t\u00e9 pr\u00e9vu pour se retrouver, n&#8217;h\u00e9sitez pas !&nbsp;<\/p>\n\n\n\n<p><a href=\"https:\/\/www.ouestgo.fr\/covoiturages-evenements\/3230\/La-machine-dans-le-jardin---festival\">Trouver un trajet avec Ouestgo<\/a> !<\/p>\n\n\n\n<ul class=\"wp-block-list\">\n<li><a href=\"https:\/\/www.mobicoop.fr\/\">Mobicoop<\/a><\/li>\n\n\n\n<li><a href=\"https:\/\/www.blablacar.fr\/\">Blablacar<\/a><\/li>\n\n\n\n<li><a href=\"https:\/\/www.laroueverte.com\/\">La Roue Verte<\/a><\/li>\n<\/ul>\n\n\n\n<h2 class=\"wp-block-heading\">Se loger<\/h2>\n\n\n\n<figure class=\"wp-block-image\"><img decoding=\"async\" src=\"https:\/\/lamachinedanslejardin.eu\/wp-content\/uploads\/2023\/06\/auberge-alabelleetoile-mellionnec-bretagne-1024x683.jpg\" alt=\"\"\/><\/figure>\n\n\n\n<h4 class=\"wp-block-heading\">L&#8217;Auberge \u00c0 la belle \u00e9toile<\/h4>\n\n\n\n<p>Nouvelle auberge au c\u0153ur du bourg de Mellionnec, l\u2019auberge&nbsp;<a href=\"https:\/\/alabelleetoile.eu\/\">\u00c0 la belle \u00e9toile<\/a>&nbsp;est partenaire du festival La machine dans le jardin. <br>Elle propose des chambres et des dortoirs avec l\u2019acc\u00e8s \u00e0 une cuisine. C&#8217;est dans la salle d&#8217;activit\u00e9 de l&#8217;auberge qu&#8217;auront lieu les projections du festival !<\/p>\n\n\n\n<h4 class=\"wp-block-heading\">Chambres d\u2019h\u00f4tes&nbsp;<\/h4>\n\n\n\n<ul class=\"wp-block-list\">\n<li>&nbsp;<a href=\"https:\/\/www.cybevasion.fr\/chambres-hotes-les-etangs-de-pitie-mellionnec-eh613674.html?id_unavailable=613674\">Chambres d\u2019h\u00f4tes \u00e0 Mellionnec<\/a> (Les \u00e9tangs de la Piti\u00e9)<\/li>\n\n\n\n<li>&nbsp;<a href=\"https:\/\/www.cybevasion.fr\/chambres-hotes-l-ancien-presbytere-the-old-french-rectory-lescouet-gouarec-e57889.html\">Chambres d\u2019h\u00f4tes \u00e0 Lescou\u00ebt-Gouarec<\/a><\/li>\n\n\n\n<li>&nbsp;<a href=\"https:\/\/www.cybevasion.fr\/chambres-hotes-auberge-le-canard-qui-rit-plelauff-eh3708500.html\">Chambres d\u2019h\u00f4tes \u00e0 Plelauff<\/a><\/li>\n\n\n\n<li>&nbsp;<a href=\"https:\/\/levertnomade.com\/\">Le Vert Nomade<\/a>, \u00e0 Glomel<\/li>\n\n\n\n<li>&nbsp;Chambres d\u2019h\u00f4tes \u00e0 l\u2019\u00c9cluse 150, au bord du canal \u00e0 Bonen<\/li>\n<\/ul>\n\n\n\n<h4 class=\"wp-block-heading\">G\u00eetes<\/h4>\n\n\n\n<ul class=\"wp-block-list\">\n<li>&nbsp;<a href=\"http:\/\/www.lacdeguerledan.com\/fiche\/detail\/2087\/Sejourner~Hebergements~Gites-et-Meubles\/mr-jean-pierre-flamery-kergoran\">Manoir de Kergoran<\/a>, \u00e0 Mellionnec<\/li>\n\n\n\n<li>&nbsp;<a href=\"https:\/\/www.airbnb.fr\/rooms\/49803153\">Sensmanufacture<\/a>&nbsp;\u00e0 Mellionnec<\/li>\n\n\n\n<li>&nbsp;Chambres d\u2019h\u00f4tes An daou tok, \u00e0 Cornec \u00e0 Mellionnec. Contact Caroline et Jean-No\u00ebl Potin au 02 96 29 60 57 (70\u20ac\/nuit)<\/li>\n\n\n\n<li>&nbsp;<a href=\"https:\/\/www.gites-de-france.com\/fr\/bretagne\/cotes-darmor\/manoir-du-poul-22g411299\">Manoir du Poul<\/a>&nbsp;\u00e0 Mellionnec<\/li>\n\n\n\n<li>Les KaBanes en Kreiz Breizh \u00e0 Rostrenen, G\u00eetes d\u2019H\u00f4tes toutes saisons<\/li>\n<\/ul>\n\n\n\n<h4 class=\"wp-block-heading\">Campings<\/h4>\n\n\n\n<ul class=\"wp-block-list\">\n<li> Le&nbsp;<a href=\"https:\/\/www.leboisdubarde.bzh\/hebergements\/\">Bois du Barde<\/a>&nbsp;\u00e0 Mellionnec (dont Yourte, roulotte et caravane)<\/li>\n\n\n\n<li>&nbsp;<a href=\"https:\/\/camping-dhacadour.business.site\/?utm_source=gmb&amp;utm_medium=referral\">EcoCamping Hacadour<\/a>&nbsp;\u00e0 Mellionnec<\/li>\n\n\n\n<li>&nbsp;<a href=\"http:\/\/www.campingdegouarec.com\/fr\/\">Camping de Gouarec<\/a>&nbsp;avec notamment des caravanes et cabanes<\/li>\n<\/ul>\n\n\n\n<h4 class=\"wp-block-heading\">H\u00f4tels<\/h4>\n\n\n\n<ul class=\"wp-block-list\">\n<li>&nbsp;<a href=\"https:\/\/www.hotel-henri-4.fr\/?fbclid=IwAR2fjfqOlvgSTkKcv3ZbZZmxQ9Av5KHQWCSt5yWMgaLu5R8Dm8cb7hT_OXE\">Henri IV<\/a>&nbsp;\u00e0 Rostrenen<\/li>\n<\/ul>\n<\/div><\/div>\n","protected":false},"excerpt":{"rendered":"<p>Contactez-nous Informations pratiques (2025) Buvette et repas Vous pouvez aussi faire vos courses \u00e0 l\u2019excellente \u00e9picerie Bio du village (Folavoine), attention, celle-ci sera ferm\u00e9e le &hellip;<\/p>\n","protected":false},"author":1,"featured_media":0,"parent":0,"menu_order":0,"comment_status":"closed","ping_status":"closed","template":"","meta":{"footnotes":""},"class_list":["post-2","page","type-page","status-publish","hentry"],"yoast_head":"<!-- This site is optimized with the Yoast SEO plugin v27.4 - https:\/\/yoast.com\/product\/yoast-seo-wordpress\/ -->\n<title>Infos pratiques - la machine dans le jardin<\/title>\n<meta name=\"description\" content=\"festival imaginaires techniques la machine dans le jardin Mellionnec Feminismes utopies \u00e9cologies. Se rendre sur place. Se restaurer. O\u00f9 dormir ?\" \/>\n<meta name=\"robots\" content=\"index, follow, max-snippet:-1, max-image-preview:large, max-video-preview:-1\" \/>\n<link rel=\"canonical\" href=\"https:\/\/lamachinedanslejardin.eu\/?page_id=2\" \/>\n<meta property=\"og:locale\" content=\"fr_FR\" \/>\n<meta property=\"og:type\" content=\"article\" \/>\n<meta property=\"og:title\" content=\"Infos pratiques - la machine dans le jardin\" \/>\n<meta property=\"og:description\" content=\"festival imaginaires techniques la machine dans le jardin Mellionnec Feminismes utopies \u00e9cologies. Se rendre sur place. Se restaurer. O\u00f9 dormir ?\" \/>\n<meta property=\"og:url\" content=\"https:\/\/lamachinedanslejardin.eu\/?page_id=2\" \/>\n<meta property=\"og:site_name\" content=\"la machine dans le jardin\" \/>\n<meta property=\"article:modified_time\" content=\"2026-04-27T19:19:10+00:00\" \/>\n<meta property=\"og:image\" content=\"http:\/\/lamachinedanslejardin.eu\/wp-content\/uploads\/2025\/01\/photo-festival-la-machine-dans-le-jardin-2024-1024x768.jpg\" \/>\n<meta name=\"twitter:card\" content=\"summary_large_image\" \/>\n<meta name=\"twitter:label1\" content=\"Dur\u00e9e de lecture estim\u00e9e\" \/>\n\t<meta name=\"twitter:data1\" content=\"5 minutes\" \/>\n<script type=\"application\/ld+json\" class=\"yoast-schema-graph\">{\"@context\":\"https:\\\/\\\/schema.org\",\"@graph\":[{\"@type\":\"WebPage\",\"@id\":\"https:\\\/\\\/lamachinedanslejardin.eu\\\/?page_id=2\",\"url\":\"https:\\\/\\\/lamachinedanslejardin.eu\\\/?page_id=2\",\"name\":\"Infos pratiques - la machine dans le jardin\",\"isPartOf\":{\"@id\":\"https:\\\/\\\/lamachinedanslejardin.eu\\\/#website\"},\"primaryImageOfPage\":{\"@id\":\"https:\\\/\\\/lamachinedanslejardin.eu\\\/?page_id=2#primaryimage\"},\"image\":{\"@id\":\"https:\\\/\\\/lamachinedanslejardin.eu\\\/?page_id=2#primaryimage\"},\"thumbnailUrl\":\"http:\\\/\\\/lamachinedanslejardin.eu\\\/wp-content\\\/uploads\\\/2025\\\/01\\\/photo-festival-la-machine-dans-le-jardin-2024-1024x768.jpg\",\"datePublished\":\"2023-06-13T13:17:58+00:00\",\"dateModified\":\"2026-04-27T19:19:10+00:00\",\"description\":\"festival imaginaires techniques la machine dans le jardin Mellionnec Feminismes utopies \u00e9cologies. Se rendre sur place. Se restaurer. O\u00f9 dormir ?\",\"breadcrumb\":{\"@id\":\"https:\\\/\\\/lamachinedanslejardin.eu\\\/?page_id=2#breadcrumb\"},\"inLanguage\":\"fr-FR\",\"potentialAction\":[{\"@type\":\"ReadAction\",\"target\":[\"https:\\\/\\\/lamachinedanslejardin.eu\\\/?page_id=2\"]}]},{\"@type\":\"ImageObject\",\"inLanguage\":\"fr-FR\",\"@id\":\"https:\\\/\\\/lamachinedanslejardin.eu\\\/?page_id=2#primaryimage\",\"url\":\"http:\\\/\\\/lamachinedanslejardin.eu\\\/wp-content\\\/uploads\\\/2025\\\/01\\\/photo-festival-la-machine-dans-le-jardin-2024-1024x768.jpg\",\"contentUrl\":\"http:\\\/\\\/lamachinedanslejardin.eu\\\/wp-content\\\/uploads\\\/2025\\\/01\\\/photo-festival-la-machine-dans-le-jardin-2024-1024x768.jpg\"},{\"@type\":\"BreadcrumbList\",\"@id\":\"https:\\\/\\\/lamachinedanslejardin.eu\\\/?page_id=2#breadcrumb\",\"itemListElement\":[{\"@type\":\"ListItem\",\"position\":1,\"name\":\"Accueil\",\"item\":\"https:\\\/\\\/lamachinedanslejardin.eu\\\/\"},{\"@type\":\"ListItem\",\"position\":2,\"name\":\"Infos pratiques\"}]},{\"@type\":\"WebSite\",\"@id\":\"https:\\\/\\\/lamachinedanslejardin.eu\\\/#website\",\"url\":\"https:\\\/\\\/lamachinedanslejardin.eu\\\/\",\"name\":\"festival la machine dans le jardin\",\"description\":\"Le festival des imaginaires techniques 24, 25, 26 juillet 2026 \u00e0 Mellionnec (22)\",\"publisher\":{\"@id\":\"https:\\\/\\\/lamachinedanslejardin.eu\\\/#organization\"},\"potentialAction\":[{\"@type\":\"SearchAction\",\"target\":{\"@type\":\"EntryPoint\",\"urlTemplate\":\"https:\\\/\\\/lamachinedanslejardin.eu\\\/?s={search_term_string}\"},\"query-input\":{\"@type\":\"PropertyValueSpecification\",\"valueRequired\":true,\"valueName\":\"search_term_string\"}}],\"inLanguage\":\"fr-FR\"},{\"@type\":\"Organization\",\"@id\":\"https:\\\/\\\/lamachinedanslejardin.eu\\\/#organization\",\"name\":\"festival la machine dans le jardin\",\"url\":\"https:\\\/\\\/lamachinedanslejardin.eu\\\/\",\"logo\":{\"@type\":\"ImageObject\",\"inLanguage\":\"fr-FR\",\"@id\":\"https:\\\/\\\/lamachinedanslejardin.eu\\\/#\\\/schema\\\/logo\\\/image\\\/\",\"url\":\"https:\\\/\\\/lamachinedanslejardin.eu\\\/wp-content\\\/uploads\\\/2024\\\/04\\\/cropped-logo-2024-ecrans.jpg\",\"contentUrl\":\"https:\\\/\\\/lamachinedanslejardin.eu\\\/wp-content\\\/uploads\\\/2024\\\/04\\\/cropped-logo-2024-ecrans.jpg\",\"width\":1748,\"height\":1240,\"caption\":\"festival la machine dans le jardin\"},\"image\":{\"@id\":\"https:\\\/\\\/lamachinedanslejardin.eu\\\/#\\\/schema\\\/logo\\\/image\\\/\"}}]}<\/script>\n<!-- \/ Yoast SEO plugin. -->","yoast_head_json":{"title":"Infos pratiques - la machine dans le jardin","description":"festival imaginaires techniques la machine dans le jardin Mellionnec Feminismes utopies \u00e9cologies. Se rendre sur place. Se restaurer. O\u00f9 dormir ?","robots":{"index":"index","follow":"follow","max-snippet":"max-snippet:-1","max-image-preview":"max-image-preview:large","max-video-preview":"max-video-preview:-1"},"canonical":"https:\/\/lamachinedanslejardin.eu\/?page_id=2","og_locale":"fr_FR","og_type":"article","og_title":"Infos pratiques - la machine dans le jardin","og_description":"festival imaginaires techniques la machine dans le jardin Mellionnec Feminismes utopies \u00e9cologies. Se rendre sur place. Se restaurer. O\u00f9 dormir ?","og_url":"https:\/\/lamachinedanslejardin.eu\/?page_id=2","og_site_name":"la machine dans le jardin","article_modified_time":"2026-04-27T19:19:10+00:00","og_image":[{"url":"http:\/\/lamachinedanslejardin.eu\/wp-content\/uploads\/2025\/01\/photo-festival-la-machine-dans-le-jardin-2024-1024x768.jpg","type":"","width":"","height":""}],"twitter_card":"summary_large_image","twitter_misc":{"Dur\u00e9e de lecture estim\u00e9e":"5 minutes"},"schema":{"@context":"https:\/\/schema.org","@graph":[{"@type":"WebPage","@id":"https:\/\/lamachinedanslejardin.eu\/?page_id=2","url":"https:\/\/lamachinedanslejardin.eu\/?page_id=2","name":"Infos pratiques - la machine dans le jardin","isPartOf":{"@id":"https:\/\/lamachinedanslejardin.eu\/#website"},"primaryImageOfPage":{"@id":"https:\/\/lamachinedanslejardin.eu\/?page_id=2#primaryimage"},"image":{"@id":"https:\/\/lamachinedanslejardin.eu\/?page_id=2#primaryimage"},"thumbnailUrl":"http:\/\/lamachinedanslejardin.eu\/wp-content\/uploads\/2025\/01\/photo-festival-la-machine-dans-le-jardin-2024-1024x768.jpg","datePublished":"2023-06-13T13:17:58+00:00","dateModified":"2026-04-27T19:19:10+00:00","description":"festival imaginaires techniques la machine dans le jardin Mellionnec Feminismes utopies \u00e9cologies. Se rendre sur place. Se restaurer. O\u00f9 dormir ?","breadcrumb":{"@id":"https:\/\/lamachinedanslejardin.eu\/?page_id=2#breadcrumb"},"inLanguage":"fr-FR","potentialAction":[{"@type":"ReadAction","target":["https:\/\/lamachinedanslejardin.eu\/?page_id=2"]}]},{"@type":"ImageObject","inLanguage":"fr-FR","@id":"https:\/\/lamachinedanslejardin.eu\/?page_id=2#primaryimage","url":"http:\/\/lamachinedanslejardin.eu\/wp-content\/uploads\/2025\/01\/photo-festival-la-machine-dans-le-jardin-2024-1024x768.jpg","contentUrl":"http:\/\/lamachinedanslejardin.eu\/wp-content\/uploads\/2025\/01\/photo-festival-la-machine-dans-le-jardin-2024-1024x768.jpg"},{"@type":"BreadcrumbList","@id":"https:\/\/lamachinedanslejardin.eu\/?page_id=2#breadcrumb","itemListElement":[{"@type":"ListItem","position":1,"name":"Accueil","item":"https:\/\/lamachinedanslejardin.eu\/"},{"@type":"ListItem","position":2,"name":"Infos pratiques"}]},{"@type":"WebSite","@id":"https:\/\/lamachinedanslejardin.eu\/#website","url":"https:\/\/lamachinedanslejardin.eu\/","name":"festival la machine dans le jardin","description":"Le festival des imaginaires techniques 24, 25, 26 juillet 2026 \u00e0 Mellionnec (22)","publisher":{"@id":"https:\/\/lamachinedanslejardin.eu\/#organization"},"potentialAction":[{"@type":"SearchAction","target":{"@type":"EntryPoint","urlTemplate":"https:\/\/lamachinedanslejardin.eu\/?s={search_term_string}"},"query-input":{"@type":"PropertyValueSpecification","valueRequired":true,"valueName":"search_term_string"}}],"inLanguage":"fr-FR"},{"@type":"Organization","@id":"https:\/\/lamachinedanslejardin.eu\/#organization","name":"festival la machine dans le jardin","url":"https:\/\/lamachinedanslejardin.eu\/","logo":{"@type":"ImageObject","inLanguage":"fr-FR","@id":"https:\/\/lamachinedanslejardin.eu\/#\/schema\/logo\/image\/","url":"https:\/\/lamachinedanslejardin.eu\/wp-content\/uploads\/2024\/04\/cropped-logo-2024-ecrans.jpg","contentUrl":"https:\/\/lamachinedanslejardin.eu\/wp-content\/uploads\/2024\/04\/cropped-logo-2024-ecrans.jpg","width":1748,"height":1240,"caption":"festival la machine dans le jardin"},"image":{"@id":"https:\/\/lamachinedanslejardin.eu\/#\/schema\/logo\/image\/"}}]}},"_links":{"self":[{"href":"https:\/\/lamachinedanslejardin.eu\/index.php?rest_route=\/wp\/v2\/pages\/2","targetHints":{"allow":["GET"]}}],"collection":[{"href":"https:\/\/lamachinedanslejardin.eu\/index.php?rest_route=\/wp\/v2\/pages"}],"about":[{"href":"https:\/\/lamachinedanslejardin.eu\/index.php?rest_route=\/wp\/v2\/types\/page"}],"author":[{"embeddable":true,"href":"https:\/\/lamachinedanslejardin.eu\/index.php?rest_route=\/wp\/v2\/users\/1"}],"replies":[{"embeddable":true,"href":"https:\/\/lamachinedanslejardin.eu\/index.php?rest_route=%2Fwp%2Fv2%2Fcomments&post=2"}],"version-history":[{"count":64,"href":"https:\/\/lamachinedanslejardin.eu\/index.php?rest_route=\/wp\/v2\/pages\/2\/revisions"}],"predecessor-version":[{"id":863,"href":"https:\/\/lamachinedanslejardin.eu\/index.php?rest_route=\/wp\/v2\/pages\/2\/revisions\/863"}],"wp:attachment":[{"href":"https:\/\/lamachinedanslejardin.eu\/index.php?rest_route=%2Fwp%2Fv2%2Fmedia&parent=2"}],"curies":[{"name":"wp","href":"https:\/\/api.w.org\/{rel}","templated":true}]}}