{"id":594,"date":"2025-04-08T12:05:16","date_gmt":"2025-04-08T10:05:16","guid":{"rendered":"https:\/\/lamachinedanslejardin.eu\/?page_id=594"},"modified":"2026-04-03T10:27:06","modified_gmt":"2026-04-03T08:27:06","slug":"594-2","status":"publish","type":"page","link":"https:\/\/lamachinedanslejardin.eu\/?page_id=594","title":{"rendered":"Actualit\u00e9s"},"content":{"rendered":"\n<h2 class=\"wp-block-heading has-text-align-center has-text-color has-link-color wp-elements-77935c75eeb3081bc6444c097491a9b3\" style=\"color:#3f53c9\">Actualit\u00e9s<\/h2>\n\n\n\n<div class=\"wp-block-media-text alignfull has-media-on-the-right is-stacked-on-mobile is-vertically-aligned-center is-style-default\" style=\"grid-template-columns:auto 56%\"><div class=\"wp-block-media-text__content\">\n<h2 class=\"wp-block-heading has-text-align-center has-text-color tw-block-animation tw-animation-scale-in\" style=\"--tw-animation-delay:0.3s;color:#000000\"><strong>Balade <\/strong><br><strong>r\u00e9seau \u00e9lectrique<\/strong><\/h2>\n\n\n\n<p class=\"has-text-color\" style=\"color:#636363;font-size:17px;line-height:1.1\">Organis\u00e9e par Prospect Station, en partenariat avec l&#8217;Ademe, voici une balade pour partir \u00e0 la d\u00e9couverte du r\u00e9seau \u00e9l\u00e9ctrique communal ! <br>Venez d\u00e9couvrir ou mieux conna\u00eetre cette infrastructure qui nous concerne toustes. <br>La balade sera suivie d&#8217;une pr\u00e9sentation du r\u00e9seau et d&#8217;une discussion avec Pierre-Thomas Demars, doctorant \u00e0 l&#8217;ENSAPM &#8211; rattach\u00e9 au laboratoire Liat. <br><strong>Entr\u00e9e libre, ouvert \u00e0 toutes et tous ! <\/strong><br><strong>Jeudi 28 mai \u00e0 18h \u00e0 la salle polyvalente de Mellionnec<\/strong><\/p>\n<\/div><figure class=\"wp-block-media-text__media\"><img fetchpriority=\"high\" decoding=\"async\" width=\"724\" height=\"1024\" src=\"https:\/\/lamachinedanslejardin.eu\/wp-content\/uploads\/2026\/04\/balade-28-mai-reseau-electrique-724x1024.jpg\" alt=\"\" class=\"wp-image-823 size-full\" srcset=\"https:\/\/lamachinedanslejardin.eu\/wp-content\/uploads\/2026\/04\/balade-28-mai-reseau-electrique-724x1024.jpg 724w, https:\/\/lamachinedanslejardin.eu\/wp-content\/uploads\/2026\/04\/balade-28-mai-reseau-electrique-212x300.jpg 212w, https:\/\/lamachinedanslejardin.eu\/wp-content\/uploads\/2026\/04\/balade-28-mai-reseau-electrique-768x1086.jpg 768w, https:\/\/lamachinedanslejardin.eu\/wp-content\/uploads\/2026\/04\/balade-28-mai-reseau-electrique-1086x1536.jpg 1086w, https:\/\/lamachinedanslejardin.eu\/wp-content\/uploads\/2026\/04\/balade-28-mai-reseau-electrique-1448x2048.jpg 1448w, https:\/\/lamachinedanslejardin.eu\/wp-content\/uploads\/2026\/04\/balade-28-mai-reseau-electrique-scaled.jpg 1810w\" sizes=\"(max-width: 724px) 100vw, 724px\" \/><\/figure><\/div>\n\n\n\n<hr style=\"width: 50%; max-width: 100%;height: 5px;\" class=\"wp-block-separator has-text-color has-accent-1-color has-alpha-channel-opacity has-accent-1-background-color has-background tw-mt-8 tw-mb-8 is-style-default\"\/>\n\n\n\n<div class=\"wp-block-media-text alignfull has-media-on-the-right is-stacked-on-mobile is-vertically-aligned-center is-style-default\" style=\"grid-template-columns:auto 56%\"><div class=\"wp-block-media-text__content\">\n<h2 class=\"wp-block-heading has-text-align-center has-text-color\" style=\"color:#000000\"><strong>\u00c9lectroclic Smoothie-Coco<\/strong><\/h2>\n\n\n\n<p class=\"has-text-color\" style=\"color:#636363;font-size:17px;line-height:1.1\"><strong>\u00c9lectroclic smoothie-coco<\/strong>, c&#8217;est une demi-journ\u00e9e consacr\u00e9e \u00e0 la d\u00e9couverte de 4 jeux vid\u00e9os ind\u00e9pendants, organis\u00e9e par Denys Moreau avec Prospect Station. Cela se passe&nbsp;\u00e0&nbsp;<strong>Mellionnec<\/strong>&nbsp;aux espaces associatifs <strong>le dimanche 1er f\u00e9vrier 2026 de 14h \u00e0 19h<\/strong>. Venez seul\u00b7e ou \u00e0 plusieurs, avec toute votre curiosit\u00e9 !<br>Entr\u00e9e libre<\/p>\n<\/div><figure class=\"wp-block-media-text__media\"><img decoding=\"async\" width=\"724\" height=\"1024\" src=\"https:\/\/lamachinedanslejardin.eu\/wp-content\/uploads\/2026\/01\/affichevariante2-724x1024.png\" alt=\"\" class=\"wp-image-789 size-full\" srcset=\"https:\/\/lamachinedanslejardin.eu\/wp-content\/uploads\/2026\/01\/affichevariante2-724x1024.png 724w, https:\/\/lamachinedanslejardin.eu\/wp-content\/uploads\/2026\/01\/affichevariante2-212x300.png 212w, https:\/\/lamachinedanslejardin.eu\/wp-content\/uploads\/2026\/01\/affichevariante2-768x1086.png 768w, https:\/\/lamachinedanslejardin.eu\/wp-content\/uploads\/2026\/01\/affichevariante2.png 1000w\" sizes=\"(max-width: 724px) 100vw, 724px\" \/><\/figure><\/div>\n\n\n\n<p><\/p>\n\n\n\n<hr style=\"width: 50%; max-width: 100%;height: 5px;\" class=\"wp-block-separator has-text-color has-accent-1-color has-alpha-channel-opacity has-accent-1-background-color has-background tw-mt-8 tw-mb-8 is-style-default\"\/>\n\n\n\n<h1 class=\"wp-block-heading has-text-align-center\">Communalisme \u00e9lectrique <br>et technor\u00e9gionalisme<br>les 19 et 20 mai 2025<br>\u00e0 Mellionnec<\/h1>\n\n\n\n<p class=\"has-text-align-center\">Peut-on transformer les r\u00e9seaux d\u2019\u00e9lectricit\u00e9 ?<br>Imaginer un service public de l\u2019\u00e9lectricit\u00e9 plus local et d\u00e9centralis\u00e9 ?<br>Selon quelle forme et architecture ? Pour quels usages ?<\/p>\n\n\n\n<p>C&#8217;est \u00e0 ces questions que le projet InfraFuturs : utopie, territoires et transitions infrastructurelles \u00e9lectriques invite \u00e0 r\u00e9fl\u00e9chir dans le cadre de 2 journ\u00e9es ouvertes \u00e0 toustes \u00e0 l\u2019auberge de Mellionnec les lundi 19 et mardi 20 mai 2025.<\/p>\n\n\n\n<div class=\"wp-block-file aligncenter\"><a id=\"wp-block-file--media-2429bdd3-a528-405f-b813-6a8155fc0559\" href=\"https:\/\/lamachinedanslejardin.eu\/wp-content\/uploads\/2025\/04\/INFRAFUTURS-Programme-des-19-et-20-mai-2025-2.pdf\">INFRAFUTURS &#8211; Programme des 19 et 20 mai 2025-2<\/a><a href=\"https:\/\/lamachinedanslejardin.eu\/wp-content\/uploads\/2025\/04\/INFRAFUTURS-Programme-des-19-et-20-mai-2025-2.pdf\" class=\"wp-block-file__button wp-element-button\" download aria-describedby=\"wp-block-file--media-2429bdd3-a528-405f-b813-6a8155fc0559\">T\u00e9l\u00e9charger<\/a><\/div>\n\n\n\n<hr style=\"width: 50%; max-width: 100%;height: 5px;\" class=\"wp-block-separator has-text-color has-accent-1-color has-alpha-channel-opacity has-accent-1-background-color has-background tw-mt-8 tw-mb-8 is-style-default\"\/>\n\n\n\n<h1 class=\"wp-block-heading has-text-align-center tw-mt-3\">Lectures pour enfants \u00e0 Tr\u00e9brivan<br>samedi 24 mai<\/h1>\n\n\n\n<div class=\"wp-block-group alignfull\"><div class=\"wp-block-group__inner-container is-layout-flow wp-block-group-is-layout-flow\">\n<div class=\"wp-block-cover alignwide is-light tw-mb-8\" style=\"min-height:500px;aspect-ratio:unset;\"><img decoding=\"async\" width=\"1810\" height=\"2560\" sizes=\"(max-width: 799px) 200vw, (max-width: 1810px) 100vw, 1810px\" class=\"wp-block-cover__image-background wp-image-609 size-full\" alt=\"\" src=\"https:\/\/lamachinedanslejardin.eu\/wp-content\/uploads\/2025\/05\/Affiche-LECTURE-ENFANTS-trebrivan-24-mai-2025-scaled.jpg\" data-object-fit=\"cover\" srcset=\"https:\/\/lamachinedanslejardin.eu\/wp-content\/uploads\/2025\/05\/Affiche-LECTURE-ENFANTS-trebrivan-24-mai-2025-scaled.jpg 1810w, https:\/\/lamachinedanslejardin.eu\/wp-content\/uploads\/2025\/05\/Affiche-LECTURE-ENFANTS-trebrivan-24-mai-2025-212x300.jpg 212w, https:\/\/lamachinedanslejardin.eu\/wp-content\/uploads\/2025\/05\/Affiche-LECTURE-ENFANTS-trebrivan-24-mai-2025-724x1024.jpg 724w, https:\/\/lamachinedanslejardin.eu\/wp-content\/uploads\/2025\/05\/Affiche-LECTURE-ENFANTS-trebrivan-24-mai-2025-768x1086.jpg 768w, https:\/\/lamachinedanslejardin.eu\/wp-content\/uploads\/2025\/05\/Affiche-LECTURE-ENFANTS-trebrivan-24-mai-2025-1086x1536.jpg 1086w, https:\/\/lamachinedanslejardin.eu\/wp-content\/uploads\/2025\/05\/Affiche-LECTURE-ENFANTS-trebrivan-24-mai-2025-1448x2048.jpg 1448w\" \/><span aria-hidden=\"true\" class=\"wp-block-cover__background has-background-dim\" style=\"background-color:#e2cba5\"><\/span><div class=\"wp-block-cover__inner-container is-layout-flow wp-block-cover-is-layout-flow\">\n<p class=\"has-text-align-center has-large-font-size\"><\/p>\n<\/div><\/div>\n\n\n\n<p class=\"has-text-align-center\">En pr\u00e9lude au festival La machine dans le jardin 2025, \u00c9lise lira des histoires sur les imaginaires de la technique.<br>\u00e0 10h30 pour les 3-6 ans et \u00e0 11h15 pour les 6-10 ans<br><strong>Entr\u00e9e libre &#8211; venez nombreux\u00b7ses \u00e0 la m\u00e9diath\u00e8que de Tr\u00e9brivan<\/strong><\/p>\n<\/div><\/div>\n\n\n\n<p><\/p>\n","protected":false},"excerpt":{"rendered":"<p>Actualit\u00e9s Balade r\u00e9seau \u00e9lectrique Organis\u00e9e par Prospect Station, en partenariat avec l&#8217;Ademe, voici une balade pour partir \u00e0 la d\u00e9couverte du r\u00e9seau \u00e9l\u00e9ctrique communal ! &hellip;<\/p>\n","protected":false},"author":1,"featured_media":0,"parent":0,"menu_order":0,"comment_status":"closed","ping_status":"closed","template":"","meta":{"footnotes":""},"class_list":["post-594","page","type-page","status-publish","hentry"],"yoast_head":"<!-- This site is optimized with the Yoast SEO plugin v27.4 - https:\/\/yoast.com\/product\/yoast-seo-wordpress\/ -->\n<title>Actualit\u00e9s - la machine dans le jardin<\/title>\n<meta name=\"robots\" content=\"index, follow, max-snippet:-1, max-image-preview:large, max-video-preview:-1\" \/>\n<link rel=\"canonical\" href=\"https:\/\/lamachinedanslejardin.eu\/?page_id=594\" \/>\n<meta property=\"og:locale\" content=\"fr_FR\" \/>\n<meta property=\"og:type\" content=\"article\" \/>\n<meta property=\"og:title\" content=\"Actualit\u00e9s - la machine dans le jardin\" \/>\n<meta property=\"og:description\" content=\"Actualit\u00e9s Balade r\u00e9seau \u00e9lectrique Organis\u00e9e par Prospect Station, en partenariat avec l&#8217;Ademe, voici une balade pour partir \u00e0 la d\u00e9couverte du r\u00e9seau \u00e9l\u00e9ctrique communal ! &hellip;\" \/>\n<meta property=\"og:url\" content=\"https:\/\/lamachinedanslejardin.eu\/?page_id=594\" \/>\n<meta property=\"og:site_name\" content=\"la machine dans le jardin\" \/>\n<meta property=\"article:modified_time\" content=\"2026-04-03T08:27:06+00:00\" \/>\n<meta property=\"og:image\" content=\"https:\/\/lamachinedanslejardin.eu\/wp-content\/uploads\/2026\/04\/balade-28-mai-reseau-electrique-scaled.jpg\" \/>\n\t<meta property=\"og:image:width\" content=\"1810\" \/>\n\t<meta property=\"og:image:height\" content=\"2560\" \/>\n\t<meta property=\"og:image:type\" content=\"image\/jpeg\" \/>\n<meta name=\"twitter:card\" content=\"summary_large_image\" \/>\n<meta name=\"twitter:label1\" content=\"Dur\u00e9e de lecture estim\u00e9e\" \/>\n\t<meta name=\"twitter:data1\" content=\"2 minutes\" \/>\n<script type=\"application\/ld+json\" class=\"yoast-schema-graph\">{\"@context\":\"https:\\\/\\\/schema.org\",\"@graph\":[{\"@type\":\"WebPage\",\"@id\":\"https:\\\/\\\/lamachinedanslejardin.eu\\\/?page_id=594\",\"url\":\"https:\\\/\\\/lamachinedanslejardin.eu\\\/?page_id=594\",\"name\":\"Actualit\u00e9s - la machine dans le jardin\",\"isPartOf\":{\"@id\":\"https:\\\/\\\/lamachinedanslejardin.eu\\\/#website\"},\"primaryImageOfPage\":{\"@id\":\"https:\\\/\\\/lamachinedanslejardin.eu\\\/?page_id=594#primaryimage\"},\"image\":{\"@id\":\"https:\\\/\\\/lamachinedanslejardin.eu\\\/?page_id=594#primaryimage\"},\"thumbnailUrl\":\"https:\\\/\\\/lamachinedanslejardin.eu\\\/wp-content\\\/uploads\\\/2026\\\/04\\\/balade-28-mai-reseau-electrique-724x1024.jpg\",\"datePublished\":\"2025-04-08T10:05:16+00:00\",\"dateModified\":\"2026-04-03T08:27:06+00:00\",\"breadcrumb\":{\"@id\":\"https:\\\/\\\/lamachinedanslejardin.eu\\\/?page_id=594#breadcrumb\"},\"inLanguage\":\"fr-FR\",\"potentialAction\":[{\"@type\":\"ReadAction\",\"target\":[\"https:\\\/\\\/lamachinedanslejardin.eu\\\/?page_id=594\"]}]},{\"@type\":\"ImageObject\",\"inLanguage\":\"fr-FR\",\"@id\":\"https:\\\/\\\/lamachinedanslejardin.eu\\\/?page_id=594#primaryimage\",\"url\":\"https:\\\/\\\/lamachinedanslejardin.eu\\\/wp-content\\\/uploads\\\/2026\\\/04\\\/balade-28-mai-reseau-electrique-scaled.jpg\",\"contentUrl\":\"https:\\\/\\\/lamachinedanslejardin.eu\\\/wp-content\\\/uploads\\\/2026\\\/04\\\/balade-28-mai-reseau-electrique-scaled.jpg\",\"width\":1810,\"height\":2560},{\"@type\":\"BreadcrumbList\",\"@id\":\"https:\\\/\\\/lamachinedanslejardin.eu\\\/?page_id=594#breadcrumb\",\"itemListElement\":[{\"@type\":\"ListItem\",\"position\":1,\"name\":\"Accueil\",\"item\":\"https:\\\/\\\/lamachinedanslejardin.eu\\\/\"},{\"@type\":\"ListItem\",\"position\":2,\"name\":\"Actualit\u00e9s\"}]},{\"@type\":\"WebSite\",\"@id\":\"https:\\\/\\\/lamachinedanslejardin.eu\\\/#website\",\"url\":\"https:\\\/\\\/lamachinedanslejardin.eu\\\/\",\"name\":\"festival la machine dans le jardin\",\"description\":\"Le festival des imaginaires techniques 24, 25, 26 juillet 2026 \u00e0 Mellionnec (22)\",\"publisher\":{\"@id\":\"https:\\\/\\\/lamachinedanslejardin.eu\\\/#organization\"},\"potentialAction\":[{\"@type\":\"SearchAction\",\"target\":{\"@type\":\"EntryPoint\",\"urlTemplate\":\"https:\\\/\\\/lamachinedanslejardin.eu\\\/?s={search_term_string}\"},\"query-input\":{\"@type\":\"PropertyValueSpecification\",\"valueRequired\":true,\"valueName\":\"search_term_string\"}}],\"inLanguage\":\"fr-FR\"},{\"@type\":\"Organization\",\"@id\":\"https:\\\/\\\/lamachinedanslejardin.eu\\\/#organization\",\"name\":\"festival la machine dans le jardin\",\"url\":\"https:\\\/\\\/lamachinedanslejardin.eu\\\/\",\"logo\":{\"@type\":\"ImageObject\",\"inLanguage\":\"fr-FR\",\"@id\":\"https:\\\/\\\/lamachinedanslejardin.eu\\\/#\\\/schema\\\/logo\\\/image\\\/\",\"url\":\"https:\\\/\\\/lamachinedanslejardin.eu\\\/wp-content\\\/uploads\\\/2024\\\/04\\\/cropped-logo-2024-ecrans.jpg\",\"contentUrl\":\"https:\\\/\\\/lamachinedanslejardin.eu\\\/wp-content\\\/uploads\\\/2024\\\/04\\\/cropped-logo-2024-ecrans.jpg\",\"width\":1748,\"height\":1240,\"caption\":\"festival la machine dans le jardin\"},\"image\":{\"@id\":\"https:\\\/\\\/lamachinedanslejardin.eu\\\/#\\\/schema\\\/logo\\\/image\\\/\"}}]}<\/script>\n<!-- \/ Yoast SEO plugin. -->","yoast_head_json":{"title":"Actualit\u00e9s - la machine dans le jardin","robots":{"index":"index","follow":"follow","max-snippet":"max-snippet:-1","max-image-preview":"max-image-preview:large","max-video-preview":"max-video-preview:-1"},"canonical":"https:\/\/lamachinedanslejardin.eu\/?page_id=594","og_locale":"fr_FR","og_type":"article","og_title":"Actualit\u00e9s - la machine dans le jardin","og_description":"Actualit\u00e9s Balade r\u00e9seau \u00e9lectrique Organis\u00e9e par Prospect Station, en partenariat avec l&#8217;Ademe, voici une balade pour partir \u00e0 la d\u00e9couverte du r\u00e9seau \u00e9l\u00e9ctrique communal ! &hellip;","og_url":"https:\/\/lamachinedanslejardin.eu\/?page_id=594","og_site_name":"la machine dans le jardin","article_modified_time":"2026-04-03T08:27:06+00:00","og_image":[{"width":1810,"height":2560,"url":"https:\/\/lamachinedanslejardin.eu\/wp-content\/uploads\/2026\/04\/balade-28-mai-reseau-electrique-scaled.jpg","type":"image\/jpeg"}],"twitter_card":"summary_large_image","twitter_misc":{"Dur\u00e9e de lecture estim\u00e9e":"2 minutes"},"schema":{"@context":"https:\/\/schema.org","@graph":[{"@type":"WebPage","@id":"https:\/\/lamachinedanslejardin.eu\/?page_id=594","url":"https:\/\/lamachinedanslejardin.eu\/?page_id=594","name":"Actualit\u00e9s - la machine dans le jardin","isPartOf":{"@id":"https:\/\/lamachinedanslejardin.eu\/#website"},"primaryImageOfPage":{"@id":"https:\/\/lamachinedanslejardin.eu\/?page_id=594#primaryimage"},"image":{"@id":"https:\/\/lamachinedanslejardin.eu\/?page_id=594#primaryimage"},"thumbnailUrl":"https:\/\/lamachinedanslejardin.eu\/wp-content\/uploads\/2026\/04\/balade-28-mai-reseau-electrique-724x1024.jpg","datePublished":"2025-04-08T10:05:16+00:00","dateModified":"2026-04-03T08:27:06+00:00","breadcrumb":{"@id":"https:\/\/lamachinedanslejardin.eu\/?page_id=594#breadcrumb"},"inLanguage":"fr-FR","potentialAction":[{"@type":"ReadAction","target":["https:\/\/lamachinedanslejardin.eu\/?page_id=594"]}]},{"@type":"ImageObject","inLanguage":"fr-FR","@id":"https:\/\/lamachinedanslejardin.eu\/?page_id=594#primaryimage","url":"https:\/\/lamachinedanslejardin.eu\/wp-content\/uploads\/2026\/04\/balade-28-mai-reseau-electrique-scaled.jpg","contentUrl":"https:\/\/lamachinedanslejardin.eu\/wp-content\/uploads\/2026\/04\/balade-28-mai-reseau-electrique-scaled.jpg","width":1810,"height":2560},{"@type":"BreadcrumbList","@id":"https:\/\/lamachinedanslejardin.eu\/?page_id=594#breadcrumb","itemListElement":[{"@type":"ListItem","position":1,"name":"Accueil","item":"https:\/\/lamachinedanslejardin.eu\/"},{"@type":"ListItem","position":2,"name":"Actualit\u00e9s"}]},{"@type":"WebSite","@id":"https:\/\/lamachinedanslejardin.eu\/#website","url":"https:\/\/lamachinedanslejardin.eu\/","name":"festival la machine dans le jardin","description":"Le festival des imaginaires techniques 24, 25, 26 juillet 2026 \u00e0 Mellionnec (22)","publisher":{"@id":"https:\/\/lamachinedanslejardin.eu\/#organization"},"potentialAction":[{"@type":"SearchAction","target":{"@type":"EntryPoint","urlTemplate":"https:\/\/lamachinedanslejardin.eu\/?s={search_term_string}"},"query-input":{"@type":"PropertyValueSpecification","valueRequired":true,"valueName":"search_term_string"}}],"inLanguage":"fr-FR"},{"@type":"Organization","@id":"https:\/\/lamachinedanslejardin.eu\/#organization","name":"festival la machine dans le jardin","url":"https:\/\/lamachinedanslejardin.eu\/","logo":{"@type":"ImageObject","inLanguage":"fr-FR","@id":"https:\/\/lamachinedanslejardin.eu\/#\/schema\/logo\/image\/","url":"https:\/\/lamachinedanslejardin.eu\/wp-content\/uploads\/2024\/04\/cropped-logo-2024-ecrans.jpg","contentUrl":"https:\/\/lamachinedanslejardin.eu\/wp-content\/uploads\/2024\/04\/cropped-logo-2024-ecrans.jpg","width":1748,"height":1240,"caption":"festival la machine dans le jardin"},"image":{"@id":"https:\/\/lamachinedanslejardin.eu\/#\/schema\/logo\/image\/"}}]}},"_links":{"self":[{"href":"https:\/\/lamachinedanslejardin.eu\/index.php?rest_route=\/wp\/v2\/pages\/594","targetHints":{"allow":["GET"]}}],"collection":[{"href":"https:\/\/lamachinedanslejardin.eu\/index.php?rest_route=\/wp\/v2\/pages"}],"about":[{"href":"https:\/\/lamachinedanslejardin.eu\/index.php?rest_route=\/wp\/v2\/types\/page"}],"author":[{"embeddable":true,"href":"https:\/\/lamachinedanslejardin.eu\/index.php?rest_route=\/wp\/v2\/users\/1"}],"replies":[{"embeddable":true,"href":"https:\/\/lamachinedanslejardin.eu\/index.php?rest_route=%2Fwp%2Fv2%2Fcomments&post=594"}],"version-history":[{"count":32,"href":"https:\/\/lamachinedanslejardin.eu\/index.php?rest_route=\/wp\/v2\/pages\/594\/revisions"}],"predecessor-version":[{"id":828,"href":"https:\/\/lamachinedanslejardin.eu\/index.php?rest_route=\/wp\/v2\/pages\/594\/revisions\/828"}],"wp:attachment":[{"href":"https:\/\/lamachinedanslejardin.eu\/index.php?rest_route=%2Fwp%2Fv2%2Fmedia&parent=594"}],"curies":[{"name":"wp","href":"https:\/\/api.w.org\/{rel}","templated":true}]}}