{"id":718,"date":"2025-06-15T21:35:21","date_gmt":"2025-06-15T19:35:21","guid":{"rendered":"https:\/\/lamachinedanslejardin.eu\/?page_id=718"},"modified":"2025-06-15T21:36:50","modified_gmt":"2025-06-15T19:36:50","slug":"covoiturage","status":"publish","type":"page","link":"https:\/\/lamachinedanslejardin.eu\/?page_id=718","title":{"rendered":"covoiturage"},"content":{"rendered":"\n<div class=\"wp-block-group alignfull has-subtle-background-color has-background\"><div class=\"wp-block-group__inner-container is-layout-flow wp-block-group-is-layout-flow\">\n<div class=\"wp-block-media-text alignwide has-media-on-the-right is-stacked-on-mobile tw-stack-md tw-media-bottom\"><div class=\"wp-block-media-text__content\">\n<h1 class=\"wp-block-heading\" style=\"font-size:24px\"><strong>Venez \u00e0 La machine en covoiturage !<\/strong><\/h1>\n\n\n\n<p class=\"has-medium-font-size\">Nous vous recommandons vivement de covoiturer pour vous rendre au festival. \u00c0 cette fin, nous avons publi\u00e9 un &#8220;\u00e9v\u00e9nement&#8221; La machine 2025 sur le site web <a href=\"https:\/\/www.ouestgo.fr\/\">Ouestgo<\/a> plate-forme de trajets pour covoiturer.<\/p>\n\n\n\n<div class=\"wp-block-buttons is-layout-flex wp-block-buttons-is-layout-flex\">\n<div class=\"wp-block-button\"><a class=\"wp-block-button__link wp-element-button\" href=\"https:\/\/www.ouestgo.fr\/covoiturages-evenements\/3230\/La-machine-dans-le-jardin---festival\">Allez-y<\/a><\/div>\n<\/div>\n<\/div><figure class=\"wp-block-media-text__media\"><img fetchpriority=\"high\" decoding=\"async\" width=\"1024\" height=\"875\" src=\"https:\/\/lamachinedanslejardin.eu\/wp-content\/uploads\/2025\/06\/covoiturage-vignette-1024x875.jpg\" alt=\"\" class=\"wp-image-719 size-full\" srcset=\"https:\/\/lamachinedanslejardin.eu\/wp-content\/uploads\/2025\/06\/covoiturage-vignette-1024x875.jpg 1024w, https:\/\/lamachinedanslejardin.eu\/wp-content\/uploads\/2025\/06\/covoiturage-vignette-300x256.jpg 300w, https:\/\/lamachinedanslejardin.eu\/wp-content\/uploads\/2025\/06\/covoiturage-vignette-768x656.jpg 768w, https:\/\/lamachinedanslejardin.eu\/wp-content\/uploads\/2025\/06\/covoiturage-vignette-1536x1313.jpg 1536w, https:\/\/lamachinedanslejardin.eu\/wp-content\/uploads\/2025\/06\/covoiturage-vignette-351x300.jpg 351w, https:\/\/lamachinedanslejardin.eu\/wp-content\/uploads\/2025\/06\/covoiturage-vignette.jpg 1990w\" sizes=\"(max-width: 1024px) 100vw, 1024px\" \/><\/figure><\/div>\n<\/div><\/div>\n","protected":false},"excerpt":{"rendered":"<p>Venez \u00e0 La machine en covoiturage ! Nous vous recommandons vivement de covoiturer pour vous rendre au festival. \u00c0 cette fin, nous avons publi\u00e9 un &hellip;<\/p>\n","protected":false},"author":1,"featured_media":0,"parent":0,"menu_order":0,"comment_status":"closed","ping_status":"closed","template":"","meta":{"footnotes":""},"class_list":["post-718","page","type-page","status-publish","hentry"],"yoast_head":"<!-- This site is optimized with the Yoast SEO plugin v27.4 - https:\/\/yoast.com\/product\/yoast-seo-wordpress\/ -->\n<title>covoiturage - la machine dans le jardin<\/title>\n<meta name=\"robots\" content=\"index, follow, max-snippet:-1, max-image-preview:large, max-video-preview:-1\" \/>\n<link rel=\"canonical\" href=\"https:\/\/lamachinedanslejardin.eu\/?page_id=718\" \/>\n<meta property=\"og:locale\" content=\"fr_FR\" \/>\n<meta property=\"og:type\" content=\"article\" \/>\n<meta property=\"og:title\" content=\"covoiturage - la machine dans le jardin\" \/>\n<meta property=\"og:description\" content=\"Venez \u00e0 La machine en covoiturage ! Nous vous recommandons vivement de covoiturer pour vous rendre au festival. \u00c0 cette fin, nous avons publi\u00e9 un &hellip;\" \/>\n<meta property=\"og:url\" content=\"https:\/\/lamachinedanslejardin.eu\/?page_id=718\" \/>\n<meta property=\"og:site_name\" content=\"la machine dans le jardin\" \/>\n<meta property=\"article:modified_time\" content=\"2025-06-15T19:36:50+00:00\" \/>\n<meta property=\"og:image\" content=\"https:\/\/lamachinedanslejardin.eu\/wp-content\/uploads\/2025\/06\/covoiturage-vignette-1024x875.jpg\" \/>\n\t<meta property=\"og:image:width\" content=\"1024\" \/>\n\t<meta property=\"og:image:height\" content=\"875\" \/>\n\t<meta property=\"og:image:type\" content=\"image\/jpeg\" \/>\n<meta name=\"twitter:card\" content=\"summary_large_image\" \/>\n<meta name=\"twitter:label1\" content=\"Dur\u00e9e de lecture estim\u00e9e\" \/>\n\t<meta name=\"twitter:data1\" content=\"1 minute\" \/>\n<script type=\"application\/ld+json\" class=\"yoast-schema-graph\">{\"@context\":\"https:\\\/\\\/schema.org\",\"@graph\":[{\"@type\":\"WebPage\",\"@id\":\"https:\\\/\\\/lamachinedanslejardin.eu\\\/?page_id=718\",\"url\":\"https:\\\/\\\/lamachinedanslejardin.eu\\\/?page_id=718\",\"name\":\"covoiturage - la machine dans le jardin\",\"isPartOf\":{\"@id\":\"https:\\\/\\\/lamachinedanslejardin.eu\\\/#website\"},\"primaryImageOfPage\":{\"@id\":\"https:\\\/\\\/lamachinedanslejardin.eu\\\/?page_id=718#primaryimage\"},\"image\":{\"@id\":\"https:\\\/\\\/lamachinedanslejardin.eu\\\/?page_id=718#primaryimage\"},\"thumbnailUrl\":\"https:\\\/\\\/lamachinedanslejardin.eu\\\/wp-content\\\/uploads\\\/2025\\\/06\\\/covoiturage-vignette-1024x875.jpg\",\"datePublished\":\"2025-06-15T19:35:21+00:00\",\"dateModified\":\"2025-06-15T19:36:50+00:00\",\"breadcrumb\":{\"@id\":\"https:\\\/\\\/lamachinedanslejardin.eu\\\/?page_id=718#breadcrumb\"},\"inLanguage\":\"fr-FR\",\"potentialAction\":[{\"@type\":\"ReadAction\",\"target\":[\"https:\\\/\\\/lamachinedanslejardin.eu\\\/?page_id=718\"]}]},{\"@type\":\"ImageObject\",\"inLanguage\":\"fr-FR\",\"@id\":\"https:\\\/\\\/lamachinedanslejardin.eu\\\/?page_id=718#primaryimage\",\"url\":\"https:\\\/\\\/lamachinedanslejardin.eu\\\/wp-content\\\/uploads\\\/2025\\\/06\\\/covoiturage-vignette.jpg\",\"contentUrl\":\"https:\\\/\\\/lamachinedanslejardin.eu\\\/wp-content\\\/uploads\\\/2025\\\/06\\\/covoiturage-vignette.jpg\",\"width\":1990,\"height\":1701},{\"@type\":\"BreadcrumbList\",\"@id\":\"https:\\\/\\\/lamachinedanslejardin.eu\\\/?page_id=718#breadcrumb\",\"itemListElement\":[{\"@type\":\"ListItem\",\"position\":1,\"name\":\"Accueil\",\"item\":\"https:\\\/\\\/lamachinedanslejardin.eu\\\/\"},{\"@type\":\"ListItem\",\"position\":2,\"name\":\"covoiturage\"}]},{\"@type\":\"WebSite\",\"@id\":\"https:\\\/\\\/lamachinedanslejardin.eu\\\/#website\",\"url\":\"https:\\\/\\\/lamachinedanslejardin.eu\\\/\",\"name\":\"festival la machine dans le jardin\",\"description\":\"Le festival des imaginaires techniques 24, 25, 26 juillet 2026 \u00e0 Mellionnec (22)\",\"publisher\":{\"@id\":\"https:\\\/\\\/lamachinedanslejardin.eu\\\/#organization\"},\"potentialAction\":[{\"@type\":\"SearchAction\",\"target\":{\"@type\":\"EntryPoint\",\"urlTemplate\":\"https:\\\/\\\/lamachinedanslejardin.eu\\\/?s={search_term_string}\"},\"query-input\":{\"@type\":\"PropertyValueSpecification\",\"valueRequired\":true,\"valueName\":\"search_term_string\"}}],\"inLanguage\":\"fr-FR\"},{\"@type\":\"Organization\",\"@id\":\"https:\\\/\\\/lamachinedanslejardin.eu\\\/#organization\",\"name\":\"festival la machine dans le jardin\",\"url\":\"https:\\\/\\\/lamachinedanslejardin.eu\\\/\",\"logo\":{\"@type\":\"ImageObject\",\"inLanguage\":\"fr-FR\",\"@id\":\"https:\\\/\\\/lamachinedanslejardin.eu\\\/#\\\/schema\\\/logo\\\/image\\\/\",\"url\":\"https:\\\/\\\/lamachinedanslejardin.eu\\\/wp-content\\\/uploads\\\/2024\\\/04\\\/cropped-logo-2024-ecrans.jpg\",\"contentUrl\":\"https:\\\/\\\/lamachinedanslejardin.eu\\\/wp-content\\\/uploads\\\/2024\\\/04\\\/cropped-logo-2024-ecrans.jpg\",\"width\":1748,\"height\":1240,\"caption\":\"festival la machine dans le jardin\"},\"image\":{\"@id\":\"https:\\\/\\\/lamachinedanslejardin.eu\\\/#\\\/schema\\\/logo\\\/image\\\/\"}}]}<\/script>\n<!-- \/ Yoast SEO plugin. -->","yoast_head_json":{"title":"covoiturage - la machine dans le jardin","robots":{"index":"index","follow":"follow","max-snippet":"max-snippet:-1","max-image-preview":"max-image-preview:large","max-video-preview":"max-video-preview:-1"},"canonical":"https:\/\/lamachinedanslejardin.eu\/?page_id=718","og_locale":"fr_FR","og_type":"article","og_title":"covoiturage - la machine dans le jardin","og_description":"Venez \u00e0 La machine en covoiturage ! Nous vous recommandons vivement de covoiturer pour vous rendre au festival. \u00c0 cette fin, nous avons publi\u00e9 un &hellip;","og_url":"https:\/\/lamachinedanslejardin.eu\/?page_id=718","og_site_name":"la machine dans le jardin","article_modified_time":"2025-06-15T19:36:50+00:00","og_image":[{"width":1024,"height":875,"url":"https:\/\/lamachinedanslejardin.eu\/wp-content\/uploads\/2025\/06\/covoiturage-vignette-1024x875.jpg","type":"image\/jpeg"}],"twitter_card":"summary_large_image","twitter_misc":{"Dur\u00e9e de lecture estim\u00e9e":"1 minute"},"schema":{"@context":"https:\/\/schema.org","@graph":[{"@type":"WebPage","@id":"https:\/\/lamachinedanslejardin.eu\/?page_id=718","url":"https:\/\/lamachinedanslejardin.eu\/?page_id=718","name":"covoiturage - la machine dans le jardin","isPartOf":{"@id":"https:\/\/lamachinedanslejardin.eu\/#website"},"primaryImageOfPage":{"@id":"https:\/\/lamachinedanslejardin.eu\/?page_id=718#primaryimage"},"image":{"@id":"https:\/\/lamachinedanslejardin.eu\/?page_id=718#primaryimage"},"thumbnailUrl":"https:\/\/lamachinedanslejardin.eu\/wp-content\/uploads\/2025\/06\/covoiturage-vignette-1024x875.jpg","datePublished":"2025-06-15T19:35:21+00:00","dateModified":"2025-06-15T19:36:50+00:00","breadcrumb":{"@id":"https:\/\/lamachinedanslejardin.eu\/?page_id=718#breadcrumb"},"inLanguage":"fr-FR","potentialAction":[{"@type":"ReadAction","target":["https:\/\/lamachinedanslejardin.eu\/?page_id=718"]}]},{"@type":"ImageObject","inLanguage":"fr-FR","@id":"https:\/\/lamachinedanslejardin.eu\/?page_id=718#primaryimage","url":"https:\/\/lamachinedanslejardin.eu\/wp-content\/uploads\/2025\/06\/covoiturage-vignette.jpg","contentUrl":"https:\/\/lamachinedanslejardin.eu\/wp-content\/uploads\/2025\/06\/covoiturage-vignette.jpg","width":1990,"height":1701},{"@type":"BreadcrumbList","@id":"https:\/\/lamachinedanslejardin.eu\/?page_id=718#breadcrumb","itemListElement":[{"@type":"ListItem","position":1,"name":"Accueil","item":"https:\/\/lamachinedanslejardin.eu\/"},{"@type":"ListItem","position":2,"name":"covoiturage"}]},{"@type":"WebSite","@id":"https:\/\/lamachinedanslejardin.eu\/#website","url":"https:\/\/lamachinedanslejardin.eu\/","name":"festival la machine dans le jardin","description":"Le festival des imaginaires techniques 24, 25, 26 juillet 2026 \u00e0 Mellionnec (22)","publisher":{"@id":"https:\/\/lamachinedanslejardin.eu\/#organization"},"potentialAction":[{"@type":"SearchAction","target":{"@type":"EntryPoint","urlTemplate":"https:\/\/lamachinedanslejardin.eu\/?s={search_term_string}"},"query-input":{"@type":"PropertyValueSpecification","valueRequired":true,"valueName":"search_term_string"}}],"inLanguage":"fr-FR"},{"@type":"Organization","@id":"https:\/\/lamachinedanslejardin.eu\/#organization","name":"festival la machine dans le jardin","url":"https:\/\/lamachinedanslejardin.eu\/","logo":{"@type":"ImageObject","inLanguage":"fr-FR","@id":"https:\/\/lamachinedanslejardin.eu\/#\/schema\/logo\/image\/","url":"https:\/\/lamachinedanslejardin.eu\/wp-content\/uploads\/2024\/04\/cropped-logo-2024-ecrans.jpg","contentUrl":"https:\/\/lamachinedanslejardin.eu\/wp-content\/uploads\/2024\/04\/cropped-logo-2024-ecrans.jpg","width":1748,"height":1240,"caption":"festival la machine dans le jardin"},"image":{"@id":"https:\/\/lamachinedanslejardin.eu\/#\/schema\/logo\/image\/"}}]}},"_links":{"self":[{"href":"https:\/\/lamachinedanslejardin.eu\/index.php?rest_route=\/wp\/v2\/pages\/718","targetHints":{"allow":["GET"]}}],"collection":[{"href":"https:\/\/lamachinedanslejardin.eu\/index.php?rest_route=\/wp\/v2\/pages"}],"about":[{"href":"https:\/\/lamachinedanslejardin.eu\/index.php?rest_route=\/wp\/v2\/types\/page"}],"author":[{"embeddable":true,"href":"https:\/\/lamachinedanslejardin.eu\/index.php?rest_route=\/wp\/v2\/users\/1"}],"replies":[{"embeddable":true,"href":"https:\/\/lamachinedanslejardin.eu\/index.php?rest_route=%2Fwp%2Fv2%2Fcomments&post=718"}],"version-history":[{"count":5,"href":"https:\/\/lamachinedanslejardin.eu\/index.php?rest_route=\/wp\/v2\/pages\/718\/revisions"}],"predecessor-version":[{"id":725,"href":"https:\/\/lamachinedanslejardin.eu\/index.php?rest_route=\/wp\/v2\/pages\/718\/revisions\/725"}],"wp:attachment":[{"href":"https:\/\/lamachinedanslejardin.eu\/index.php?rest_route=%2Fwp%2Fv2%2Fmedia&parent=718"}],"curies":[{"name":"wp","href":"https:\/\/api.w.org\/{rel}","templated":true}]}}